{"id":881,"date":"2018-05-29T11:11:20","date_gmt":"2018-05-29T11:11:20","guid":{"rendered":"http:\/\/xtratheme.com\/default\/?page_id=7"},"modified":"2025-06-16T16:15:44","modified_gmt":"2025-06-16T16:15:44","slug":"povijest-kluba","status":"publish","type":"page","link":"https:\/\/zkkplamenpozega.hr\/?page_id=881","title":{"rendered":"Povijest kluba"},"content":{"rendered":"<div class=\"wpb-content-wrapper\"><p>[vc_row][vc_column][vc_column_text css=&#8221;&#8221;]Prvo ko\u0161arka\u0161ko igrali\u0161te izgra\u0111eno je 1946. godine na terenu streljane, u Grginom dolu. Odmah je 1947 pri poduze\u0107u Granap osnovana \u017eenska ko\u0161arka\u0161ka ekipa a iste godine i \u017eenski klub Jedinstvo koji godinu dana kasnije ima i mu\u0161ku ekipu sa trenerom Dragom Rodi\u0107em. Dolaskom nastavnika fizi\u010dke kulture Milice i Zlatka Res-Koreti\u0107 u Po\u017eegu, podi\u017ee se sport a posebno ko\u0161arka \u0161to dovodi do osnivanja jo\u0161 jednog kluba KK Mladost i izgradnje jo\u0161 jednog igrali\u0161ta.[\/vc_column_text][\/vc_column][\/vc_row][vc_row][vc_column][vc_single_image image=&#8221;2404&#8243; img_size=&#8221;full&#8221; alignment=&#8221;center&#8221; style=&#8221;vc_box_rounded&#8221; css=&#8221;&#8221;][\/vc_column][\/vc_row][vc_row][vc_column][vc_column_text css=&#8221;&#8221;]Popularnost ko\u0161arke, pogotovo \u017eenske, pridonijelo je odr\u017eavanje turnira- prvenstvo Hrvatske 1948. i 1949. godine u Po\u017eegi. To bogato razdoblje ko\u0161arke prekida se 1951. godine nakon ru\u0161enja igrali\u0161ta na streljani i izgradnje atletskog stadiona gdije i KK Mladost ostaje bez igrali\u0161ta. Predstoje osam godina skromnog rada.[\/vc_column_text][\/vc_column][\/vc_row][vc_row][vc_column][vc_column_text css=&#8221;&#8221;]Dolaskom ponovno entuzijasta nastavnika Tomislava Pirca koji inicira izgradnju novog igrali\u0161ta. 20. prosinca 1959. godine obnavlja klubove i mijenja ime u KK Po\u017eega koje traje do dana\u0161njih dana iz samo ponekad dodavanja imena sponzora.<\/p>\n<p>Tako\u0111er 1961 izgra\u0111en je stadion malih sportova u Grabriku te tada po\u010dinje i plodno razdoblje. Ko\u0161arka sve vi\u0161e dobiva na popularnosti. U nekoliko navrata \u017eenski klub je bio pred ulaskom u prvu ligu. Nakon smrti dugogodi\u0161njeg trenera Svete Pirca krajem 1987. godine \u017eenska ko\u0161arka gotovo prestaje sa radom i stavlja se klub u stanje mirovanja. Ponovno se ozbiljnije pokre\u010de rad s najmla\u0111ima 1990. godine Blagojka Leko i Vladimirom Englmanom rade u \u0161koli ko\u0161arke.<\/p>\n<p>Kada Blagojka Leko po\u010dinje raditi kao profesor u Kani\u017eli\u0107evoj \u0161koli 1992. godine zajedno sa Vladimirom Englmanom radi sa najmla\u0111ima bez seniorske ekipe, ali se uklju\u010duju u natjecanja mla\u0111ih kategorija. 1994. godine na skup\u0161tini kluba za predsjednika je izabran Drago Mato\u0161evi\u0107 i od tada ponovno kre\u010de mnogo ambicioznije sa radom u svim kategorijama.<\/p>\n<p>Kada 1996. seniorsku ekipu preuzme prof. Blagojka Leko uz pomo\u0107 tajnika Vladimira Englmana i uz ambicioznost predsjednika Drage Mato\u0161evi\u0107a postaje \u010dlan A-2 HKL gdje ostvaruju rezultate iznad o\u010dekivanja. U sezoni 2001\/02 prvi puta klub igra kvalifikacije za ulazak u najvi\u0161i rang natjecanja A-1 HKL me\u0111utim nije uspio u dvije utakmice \u017dKK Salona je bila uspje\u0161nija. Sljede\u0107e sezone ponovo igra kvalifikacije sa \u017dKK Ragusom i u dramati\u010dnoj utakmici uspijeva se plasirati u A-1 HKL.<\/p>\n<p>Od tada do danas \u017dKK Plamen Po\u017eega nikada nije ispala iz najvi\u0161eg ranga natjecanja. 2011 godine nakon solidne sezone grad prestaje sa financiranjem kluba i odluko skup\u0161tine klub se isklju\u010duje iz daljnjeg natjecanja u A-1 HKL i naredne tri sezone igra A-2 HKL iako svake godine osvaja prvenstvo zbog nedostatka sredstava ostaje u drugoj ligi.[\/vc_column_text][\/vc_column][\/vc_row][vc_row][vc_column][vc_single_image image=&#8221;2380&#8243; img_size=&#8221;full&#8221; alignment=&#8221;center&#8221; style=&#8221;vc_box_rounded&#8221; css=&#8221;&#8221;][\/vc_column][\/vc_row][vc_row][vc_column][vc_column_text css=&#8221;&#8221;]U sezoni 2015\/16 ponovno se vra\u010da u elitno dru\u0161tvo gdje i ovog trenutka uspje\u0161no nastupa. U periodu od 2004 pa do 2009 u dva navrata mla\u0111e kategorije redovno nastupaju na zavr\u0161nicama dr\u017eavnih prvenstava a dva puta kao kadetska ekipa osvajaju tre\u0107e mjesto te u juniorskom uzrastu dvije godine zaredom su druge u Hrvatskoj. Klub je u svojoj bogatoj povijesti dao mnogo dr\u017eavnih reprezentativki posebno u mla\u0111im kategorijama. Tako su Martina Lovri\u0107 i Kristina Soldo u mla\u0111im kategorijama bili svaka na 5 evropskih prvenstava. Prva \u017eena koja sjedi na klupi jedne NBA ekipe je na\u0161a biv\u0161a igra\u010dica Ivana \u0160eri\u0107 koja je tako\u0111er nastupala u reprezentaciji Hrvatske svih mla\u0111ih uzrasnih kategorija. Tako\u0111er j trener Vladimir Englman bio izbornik kadetske, juniorske i mla\u0111e kadetske reprezentacije Hrvatske i 6 godina trener u seniorskoj reprezentaciji Hrvatske. Kada bi na kraju kroz bogatu povijest rekli koji je najve\u0107i uspjeh kluba, kako ka\u017ee na\u0161 trener to je \u0161to je najve\u0107i dio na\u0161ih igra\u010dica zavr\u0161ilo fakultete i postalo kvalitetni ljudi.[\/vc_column_text][\/vc_column][\/vc_row]<\/p>\n<\/div>","protected":false},"excerpt":{"rendered":"<p>[vc_row][vc_column][vc_column_text css=&#8221;&#8221;]Prvo ko\u0161arka\u0161ko igrali\u0161te izgra\u0111eno je 1946. godine na terenu streljane, u Grginom dolu. Odmah je 1947 pri poduze\u0107u Granap osnovana \u017eenska ko\u0161arka\u0161ka ekipa a iste godine i \u017eenski klub Jedinstvo koji godinu dana kasnije ima i mu\u0161ku ekipu sa trenerom Dragom Rodi\u0107em. Dolaskom nastavnika fizi\u010dke kulture Milice i Zlatka Res-Koreti\u0107 u Po\u017eegu, podi\u017ee se&#8230;<\/p>\n","protected":false},"author":1,"featured_media":0,"parent":0,"menu_order":0,"comment_status":"closed","ping_status":"closed","template":"","meta":{"_acf_changed":false,"footnotes":""},"class_list":["post-881","page","type-page","status-publish","hentry"],"acf":[],"yoast_head":"<!-- This site is optimized with the Yoast SEO plugin v27.4 - https:\/\/yoast.com\/product\/yoast-seo-wordpress\/ -->\n<title>Povijest kluba - \u017dKK Plamen Po\u017eega<\/title>\n<meta name=\"description\" content=\"Prvo ko\u0161arka\u0161ko igrali\u0161te izgra\u0111eno je 1946. godine, u Grginom dolu. Odmah je 1947 pri poduze\u0107u Granap osnovana \u017eenska ko\u0161arka\u0161ka ekipa.\" \/>\n<meta name=\"robots\" content=\"index, follow, max-snippet:-1, max-image-preview:large, max-video-preview:-1\" \/>\n<link rel=\"canonical\" href=\"https:\/\/zkkplamenpozega.hr\/?page_id=881\" \/>\n<meta property=\"og:locale\" content=\"hr_HR\" \/>\n<meta property=\"og:type\" content=\"article\" \/>\n<meta property=\"og:title\" content=\"Povijest kluba - \u017dKK Plamen Po\u017eega\" \/>\n<meta property=\"og:description\" content=\"Prvo ko\u0161arka\u0161ko igrali\u0161te izgra\u0111eno je 1946. godine, u Grginom dolu. Odmah je 1947 pri poduze\u0107u Granap osnovana \u017eenska ko\u0161arka\u0161ka ekipa.\" \/>\n<meta property=\"og:url\" content=\"https:\/\/zkkplamenpozega.hr\/?page_id=881\" \/>\n<meta property=\"og:site_name\" content=\"\u017dKK Plamen Po\u017eega\" \/>\n<meta property=\"article:publisher\" content=\"https:\/\/www.facebook.com\/zkkplamenpozega\/\" \/>\n<meta property=\"article:modified_time\" content=\"2025-06-16T16:15:44+00:00\" \/>\n<meta name=\"twitter:card\" content=\"summary_large_image\" \/>\n<meta name=\"twitter:label1\" content=\"Procijenjeno vrijeme \u010ditanja\" \/>\n\t<meta name=\"twitter:data1\" content=\"4 minute\" \/>\n<script type=\"application\/ld+json\" class=\"yoast-schema-graph\">{\"@context\":\"https:\\\/\\\/schema.org\",\"@graph\":[{\"@type\":\"WebPage\",\"@id\":\"https:\\\/\\\/zkkplamenpozega.hr\\\/?page_id=881\",\"url\":\"https:\\\/\\\/zkkplamenpozega.hr\\\/?page_id=881\",\"name\":\"Povijest kluba - \u017dKK Plamen Po\u017eega\",\"isPartOf\":{\"@id\":\"https:\\\/\\\/zkkplamenpozega.hr\\\/#website\"},\"datePublished\":\"2018-05-29T11:11:20+00:00\",\"dateModified\":\"2025-06-16T16:15:44+00:00\",\"description\":\"Prvo ko\u0161arka\u0161ko igrali\u0161te izgra\u0111eno je 1946. godine, u Grginom dolu. Odmah je 1947 pri poduze\u0107u Granap osnovana \u017eenska ko\u0161arka\u0161ka ekipa.\",\"breadcrumb\":{\"@id\":\"https:\\\/\\\/zkkplamenpozega.hr\\\/?page_id=881#breadcrumb\"},\"inLanguage\":\"hr\",\"potentialAction\":[{\"@type\":\"ReadAction\",\"target\":[\"https:\\\/\\\/zkkplamenpozega.hr\\\/?page_id=881\"]}]},{\"@type\":\"BreadcrumbList\",\"@id\":\"https:\\\/\\\/zkkplamenpozega.hr\\\/?page_id=881#breadcrumb\",\"itemListElement\":[{\"@type\":\"ListItem\",\"position\":1,\"name\":\"Po\u010detna stranica\",\"item\":\"https:\\\/\\\/zkkplamenpozega.hr\\\/\"},{\"@type\":\"ListItem\",\"position\":2,\"name\":\"Povijest kluba\"}]},{\"@type\":\"WebSite\",\"@id\":\"https:\\\/\\\/zkkplamenpozega.hr\\\/#website\",\"url\":\"https:\\\/\\\/zkkplamenpozega.hr\\\/\",\"name\":\"\u017dKK Plamen Po\u017eega\",\"description\":\"Plamene su najbolje\",\"publisher\":{\"@id\":\"https:\\\/\\\/zkkplamenpozega.hr\\\/#organization\"},\"potentialAction\":[{\"@type\":\"SearchAction\",\"target\":{\"@type\":\"EntryPoint\",\"urlTemplate\":\"https:\\\/\\\/zkkplamenpozega.hr\\\/?s={search_term_string}\"},\"query-input\":{\"@type\":\"PropertyValueSpecification\",\"valueRequired\":true,\"valueName\":\"search_term_string\"}}],\"inLanguage\":\"hr\"},{\"@type\":\"Organization\",\"@id\":\"https:\\\/\\\/zkkplamenpozega.hr\\\/#organization\",\"name\":\"\u017denski ko\u0161arka\u0161ki klub Plamen Po\u017eega\",\"url\":\"https:\\\/\\\/zkkplamenpozega.hr\\\/\",\"logo\":{\"@type\":\"ImageObject\",\"inLanguage\":\"hr\",\"@id\":\"https:\\\/\\\/zkkplamenpozega.hr\\\/#\\\/schema\\\/logo\\\/image\\\/\",\"url\":\"https:\\\/\\\/zkkplamenpozega.hr\\\/wp-content\\\/uploads\\\/2020\\\/10\\\/logo-zkkpozega-e1602941511846.png\",\"contentUrl\":\"https:\\\/\\\/zkkplamenpozega.hr\\\/wp-content\\\/uploads\\\/2020\\\/10\\\/logo-zkkpozega-e1602941511846.png\",\"width\":400,\"height\":236,\"caption\":\"\u017denski ko\u0161arka\u0161ki klub Plamen Po\u017eega\"},\"image\":{\"@id\":\"https:\\\/\\\/zkkplamenpozega.hr\\\/#\\\/schema\\\/logo\\\/image\\\/\"},\"sameAs\":[\"https:\\\/\\\/www.facebook.com\\\/zkkplamenpozega\\\/\",\"https:\\\/\\\/www.instagram.com\\\/zkkplamenpozega\\\/?hl=hr\"]}]}<\/script>\n<!-- \/ Yoast SEO plugin. -->","yoast_head_json":{"title":"Povijest kluba - \u017dKK Plamen Po\u017eega","description":"Prvo ko\u0161arka\u0161ko igrali\u0161te izgra\u0111eno je 1946. godine, u Grginom dolu. Odmah je 1947 pri poduze\u0107u Granap osnovana \u017eenska ko\u0161arka\u0161ka ekipa.","robots":{"index":"index","follow":"follow","max-snippet":"max-snippet:-1","max-image-preview":"max-image-preview:large","max-video-preview":"max-video-preview:-1"},"canonical":"https:\/\/zkkplamenpozega.hr\/?page_id=881","og_locale":"hr_HR","og_type":"article","og_title":"Povijest kluba - \u017dKK Plamen Po\u017eega","og_description":"Prvo ko\u0161arka\u0161ko igrali\u0161te izgra\u0111eno je 1946. godine, u Grginom dolu. Odmah je 1947 pri poduze\u0107u Granap osnovana \u017eenska ko\u0161arka\u0161ka ekipa.","og_url":"https:\/\/zkkplamenpozega.hr\/?page_id=881","og_site_name":"\u017dKK Plamen Po\u017eega","article_publisher":"https:\/\/www.facebook.com\/zkkplamenpozega\/","article_modified_time":"2025-06-16T16:15:44+00:00","twitter_card":"summary_large_image","twitter_misc":{"Procijenjeno vrijeme \u010ditanja":"4 minute"},"schema":{"@context":"https:\/\/schema.org","@graph":[{"@type":"WebPage","@id":"https:\/\/zkkplamenpozega.hr\/?page_id=881","url":"https:\/\/zkkplamenpozega.hr\/?page_id=881","name":"Povijest kluba - \u017dKK Plamen Po\u017eega","isPartOf":{"@id":"https:\/\/zkkplamenpozega.hr\/#website"},"datePublished":"2018-05-29T11:11:20+00:00","dateModified":"2025-06-16T16:15:44+00:00","description":"Prvo ko\u0161arka\u0161ko igrali\u0161te izgra\u0111eno je 1946. godine, u Grginom dolu. Odmah je 1947 pri poduze\u0107u Granap osnovana \u017eenska ko\u0161arka\u0161ka ekipa.","breadcrumb":{"@id":"https:\/\/zkkplamenpozega.hr\/?page_id=881#breadcrumb"},"inLanguage":"hr","potentialAction":[{"@type":"ReadAction","target":["https:\/\/zkkplamenpozega.hr\/?page_id=881"]}]},{"@type":"BreadcrumbList","@id":"https:\/\/zkkplamenpozega.hr\/?page_id=881#breadcrumb","itemListElement":[{"@type":"ListItem","position":1,"name":"Po\u010detna stranica","item":"https:\/\/zkkplamenpozega.hr\/"},{"@type":"ListItem","position":2,"name":"Povijest kluba"}]},{"@type":"WebSite","@id":"https:\/\/zkkplamenpozega.hr\/#website","url":"https:\/\/zkkplamenpozega.hr\/","name":"\u017dKK Plamen Po\u017eega","description":"Plamene su najbolje","publisher":{"@id":"https:\/\/zkkplamenpozega.hr\/#organization"},"potentialAction":[{"@type":"SearchAction","target":{"@type":"EntryPoint","urlTemplate":"https:\/\/zkkplamenpozega.hr\/?s={search_term_string}"},"query-input":{"@type":"PropertyValueSpecification","valueRequired":true,"valueName":"search_term_string"}}],"inLanguage":"hr"},{"@type":"Organization","@id":"https:\/\/zkkplamenpozega.hr\/#organization","name":"\u017denski ko\u0161arka\u0161ki klub Plamen Po\u017eega","url":"https:\/\/zkkplamenpozega.hr\/","logo":{"@type":"ImageObject","inLanguage":"hr","@id":"https:\/\/zkkplamenpozega.hr\/#\/schema\/logo\/image\/","url":"https:\/\/zkkplamenpozega.hr\/wp-content\/uploads\/2020\/10\/logo-zkkpozega-e1602941511846.png","contentUrl":"https:\/\/zkkplamenpozega.hr\/wp-content\/uploads\/2020\/10\/logo-zkkpozega-e1602941511846.png","width":400,"height":236,"caption":"\u017denski ko\u0161arka\u0161ki klub Plamen Po\u017eega"},"image":{"@id":"https:\/\/zkkplamenpozega.hr\/#\/schema\/logo\/image\/"},"sameAs":["https:\/\/www.facebook.com\/zkkplamenpozega\/","https:\/\/www.instagram.com\/zkkplamenpozega\/?hl=hr"]}]}},"_links":{"self":[{"href":"https:\/\/zkkplamenpozega.hr\/index.php?rest_route=\/wp\/v2\/pages\/881","targetHints":{"allow":["GET"]}}],"collection":[{"href":"https:\/\/zkkplamenpozega.hr\/index.php?rest_route=\/wp\/v2\/pages"}],"about":[{"href":"https:\/\/zkkplamenpozega.hr\/index.php?rest_route=\/wp\/v2\/types\/page"}],"author":[{"embeddable":true,"href":"https:\/\/zkkplamenpozega.hr\/index.php?rest_route=\/wp\/v2\/users\/1"}],"replies":[{"embeddable":true,"href":"https:\/\/zkkplamenpozega.hr\/index.php?rest_route=%2Fwp%2Fv2%2Fcomments&post=881"}],"version-history":[{"count":1,"href":"https:\/\/zkkplamenpozega.hr\/index.php?rest_route=\/wp\/v2\/pages\/881\/revisions"}],"predecessor-version":[{"id":4729,"href":"https:\/\/zkkplamenpozega.hr\/index.php?rest_route=\/wp\/v2\/pages\/881\/revisions\/4729"}],"wp:attachment":[{"href":"https:\/\/zkkplamenpozega.hr\/index.php?rest_route=%2Fwp%2Fv2%2Fmedia&parent=881"}],"curies":[{"name":"wp","href":"https:\/\/api.w.org\/{rel}","templated":true}]}}