{"id":17,"date":"2018-05-29T11:14:04","date_gmt":"2018-05-29T11:14:04","guid":{"rendered":"http:\/\/xtratheme.com\/default\/?page_id=17"},"modified":"2025-06-16T16:01:38","modified_gmt":"2025-06-16T16:01:38","slug":"kontakt","status":"publish","type":"page","link":"https:\/\/zkkplamenpozega.hr\/?page_id=17","title":{"rendered":"Kontakt"},"content":{"rendered":"<div class=\"wpb-content-wrapper\"><p>[vc_row][vc_column offset=&#8221;vc_col-md-4&#8243;][vc_column_text css=&#8221;&#8221;]<\/p>\n<h4><span style=\"font-size: 24px;\">Kontakt<\/span><\/h4>\n<p><span style=\"color: #666666;\">+385 91 602 15 24<\/span>[\/vc_column_text][vc_column_text css=&#8221;&#8221;]<\/p>\n<h4><span style=\"font-size: 24px;\">E-mail<\/span><\/h4>\n<p><span style=\"color: #666666;\">info@zkkplamenpozega.hr<\/span>[\/vc_column_text][vc_column_text css=&#8221;&#8221;]<\/p>\n<h4><span style=\"font-size: 24px;\">Adresa dvorane<\/span><\/h4>\n<p><span style=\"color: #666666;\">Ul. Antuna Kani\u017eli\u0107a 14A, 34000 Po\u017eega<\/span>[\/vc_column_text][\/vc_column][\/vc_row][vc_row content_placement=&#8221;middle&#8221;][vc_column][vc_column_text]<iframe loading=\"lazy\" style=\"border: 0;\" tabindex=\"0\" src=\"https:\/\/www.google.com\/maps\/embed?pb=!1m14!1m8!1m3!1d11219.413505647572!2d17.681494!3d45.3315832!3m2!1i1024!2i768!4f13.1!3m3!1m2!1s0x0%3A0xe4ac9364e5254940!2sSportska%20dvorana%20Tomislav%20Pirc%20(Grabrik)!5e0!3m2!1shr!2shr!4v1602944500345!5m2!1shr!2shr\" width=\"100%\" height=\"600\" frameborder=\"0\" allowfullscreen=\"allowfullscreen\" aria-hidden=\"false\"><\/iframe>[\/vc_column_text][\/vc_column][\/vc_row]<\/p>\n<\/div>","protected":false},"excerpt":{"rendered":"<p>[vc_row][vc_column offset=&#8221;vc_col-md-4&#8243;][vc_column_text css=&#8221;&#8221;] Kontakt +385 91 602 15 24[\/vc_column_text][vc_column_text css=&#8221;&#8221;] E-mail info@zkkplamenpozega.hr[\/vc_column_text][vc_column_text css=&#8221;&#8221;] Adresa dvorane Ul. Antuna Kani\u017eli\u0107a 14A, 34000 Po\u017eega[\/vc_column_text][\/vc_column][\/vc_row][vc_row content_placement=&#8221;middle&#8221;][vc_column][vc_column_text][\/vc_column_text][\/vc_column][\/vc_row]<\/p>\n","protected":false},"author":1,"featured_media":0,"parent":0,"menu_order":0,"comment_status":"closed","ping_status":"closed","template":"","meta":{"_acf_changed":false,"footnotes":""},"class_list":["post-17","page","type-page","status-publish","hentry"],"acf":[],"yoast_head":"<!-- This site is optimized with the Yoast SEO plugin v27.4 - https:\/\/yoast.com\/product\/yoast-seo-wordpress\/ -->\n<title>Kontakt - \u017dKK Plamen Po\u017eega<\/title>\n<meta name=\"description\" content=\"Prvo ko\u0161arka\u0161ko igrali\u0161te izgra\u0111eno je 1946. godine, u Grginom dolu. Odmah je 1947 pri poduze\u0107u Granap osnovana \u017eenska ko\u0161arka\u0161ka ekipa.\" \/>\n<meta name=\"robots\" content=\"index, follow, max-snippet:-1, max-image-preview:large, max-video-preview:-1\" \/>\n<link rel=\"canonical\" href=\"https:\/\/zkkplamenpozega.hr\/?page_id=17\" \/>\n<meta property=\"og:locale\" content=\"hr_HR\" \/>\n<meta property=\"og:type\" content=\"article\" \/>\n<meta property=\"og:title\" content=\"Kontakt - \u017dKK Plamen Po\u017eega\" \/>\n<meta property=\"og:description\" content=\"Prvo ko\u0161arka\u0161ko igrali\u0161te izgra\u0111eno je 1946. godine, u Grginom dolu. Odmah je 1947 pri poduze\u0107u Granap osnovana \u017eenska ko\u0161arka\u0161ka ekipa.\" \/>\n<meta property=\"og:url\" content=\"https:\/\/zkkplamenpozega.hr\/?page_id=17\" \/>\n<meta property=\"og:site_name\" content=\"\u017dKK Plamen Po\u017eega\" \/>\n<meta property=\"article:publisher\" content=\"https:\/\/www.facebook.com\/zkkplamenpozega\/\" \/>\n<meta property=\"article:modified_time\" content=\"2025-06-16T16:01:38+00:00\" \/>\n<meta name=\"twitter:card\" content=\"summary_large_image\" \/>\n<script type=\"application\/ld+json\" class=\"yoast-schema-graph\">{\"@context\":\"https:\\\/\\\/schema.org\",\"@graph\":[{\"@type\":\"WebPage\",\"@id\":\"https:\\\/\\\/zkkplamenpozega.hr\\\/?page_id=17\",\"url\":\"https:\\\/\\\/zkkplamenpozega.hr\\\/?page_id=17\",\"name\":\"Kontakt - \u017dKK Plamen Po\u017eega\",\"isPartOf\":{\"@id\":\"https:\\\/\\\/zkkplamenpozega.hr\\\/#website\"},\"datePublished\":\"2018-05-29T11:14:04+00:00\",\"dateModified\":\"2025-06-16T16:01:38+00:00\",\"description\":\"Prvo ko\u0161arka\u0161ko igrali\u0161te izgra\u0111eno je 1946. godine, u Grginom dolu. Odmah je 1947 pri poduze\u0107u Granap osnovana \u017eenska ko\u0161arka\u0161ka ekipa.\",\"breadcrumb\":{\"@id\":\"https:\\\/\\\/zkkplamenpozega.hr\\\/?page_id=17#breadcrumb\"},\"inLanguage\":\"hr\",\"potentialAction\":[{\"@type\":\"ReadAction\",\"target\":[\"https:\\\/\\\/zkkplamenpozega.hr\\\/?page_id=17\"]}]},{\"@type\":\"BreadcrumbList\",\"@id\":\"https:\\\/\\\/zkkplamenpozega.hr\\\/?page_id=17#breadcrumb\",\"itemListElement\":[{\"@type\":\"ListItem\",\"position\":1,\"name\":\"Po\u010detna stranica\",\"item\":\"https:\\\/\\\/zkkplamenpozega.hr\\\/\"},{\"@type\":\"ListItem\",\"position\":2,\"name\":\"Kontakt\"}]},{\"@type\":\"WebSite\",\"@id\":\"https:\\\/\\\/zkkplamenpozega.hr\\\/#website\",\"url\":\"https:\\\/\\\/zkkplamenpozega.hr\\\/\",\"name\":\"\u017dKK Plamen Po\u017eega\",\"description\":\"Plamene su najbolje\",\"publisher\":{\"@id\":\"https:\\\/\\\/zkkplamenpozega.hr\\\/#organization\"},\"potentialAction\":[{\"@type\":\"SearchAction\",\"target\":{\"@type\":\"EntryPoint\",\"urlTemplate\":\"https:\\\/\\\/zkkplamenpozega.hr\\\/?s={search_term_string}\"},\"query-input\":{\"@type\":\"PropertyValueSpecification\",\"valueRequired\":true,\"valueName\":\"search_term_string\"}}],\"inLanguage\":\"hr\"},{\"@type\":\"Organization\",\"@id\":\"https:\\\/\\\/zkkplamenpozega.hr\\\/#organization\",\"name\":\"\u017denski ko\u0161arka\u0161ki klub Plamen Po\u017eega\",\"url\":\"https:\\\/\\\/zkkplamenpozega.hr\\\/\",\"logo\":{\"@type\":\"ImageObject\",\"inLanguage\":\"hr\",\"@id\":\"https:\\\/\\\/zkkplamenpozega.hr\\\/#\\\/schema\\\/logo\\\/image\\\/\",\"url\":\"https:\\\/\\\/zkkplamenpozega.hr\\\/wp-content\\\/uploads\\\/2020\\\/10\\\/logo-zkkpozega-e1602941511846.png\",\"contentUrl\":\"https:\\\/\\\/zkkplamenpozega.hr\\\/wp-content\\\/uploads\\\/2020\\\/10\\\/logo-zkkpozega-e1602941511846.png\",\"width\":400,\"height\":236,\"caption\":\"\u017denski ko\u0161arka\u0161ki klub Plamen Po\u017eega\"},\"image\":{\"@id\":\"https:\\\/\\\/zkkplamenpozega.hr\\\/#\\\/schema\\\/logo\\\/image\\\/\"},\"sameAs\":[\"https:\\\/\\\/www.facebook.com\\\/zkkplamenpozega\\\/\",\"https:\\\/\\\/www.instagram.com\\\/zkkplamenpozega\\\/?hl=hr\"]}]}<\/script>\n<!-- \/ Yoast SEO plugin. -->","yoast_head_json":{"title":"Kontakt - \u017dKK Plamen Po\u017eega","description":"Prvo ko\u0161arka\u0161ko igrali\u0161te izgra\u0111eno je 1946. godine, u Grginom dolu. Odmah je 1947 pri poduze\u0107u Granap osnovana \u017eenska ko\u0161arka\u0161ka ekipa.","robots":{"index":"index","follow":"follow","max-snippet":"max-snippet:-1","max-image-preview":"max-image-preview:large","max-video-preview":"max-video-preview:-1"},"canonical":"https:\/\/zkkplamenpozega.hr\/?page_id=17","og_locale":"hr_HR","og_type":"article","og_title":"Kontakt - \u017dKK Plamen Po\u017eega","og_description":"Prvo ko\u0161arka\u0161ko igrali\u0161te izgra\u0111eno je 1946. godine, u Grginom dolu. Odmah je 1947 pri poduze\u0107u Granap osnovana \u017eenska ko\u0161arka\u0161ka ekipa.","og_url":"https:\/\/zkkplamenpozega.hr\/?page_id=17","og_site_name":"\u017dKK Plamen Po\u017eega","article_publisher":"https:\/\/www.facebook.com\/zkkplamenpozega\/","article_modified_time":"2025-06-16T16:01:38+00:00","twitter_card":"summary_large_image","schema":{"@context":"https:\/\/schema.org","@graph":[{"@type":"WebPage","@id":"https:\/\/zkkplamenpozega.hr\/?page_id=17","url":"https:\/\/zkkplamenpozega.hr\/?page_id=17","name":"Kontakt - \u017dKK Plamen Po\u017eega","isPartOf":{"@id":"https:\/\/zkkplamenpozega.hr\/#website"},"datePublished":"2018-05-29T11:14:04+00:00","dateModified":"2025-06-16T16:01:38+00:00","description":"Prvo ko\u0161arka\u0161ko igrali\u0161te izgra\u0111eno je 1946. godine, u Grginom dolu. Odmah je 1947 pri poduze\u0107u Granap osnovana \u017eenska ko\u0161arka\u0161ka ekipa.","breadcrumb":{"@id":"https:\/\/zkkplamenpozega.hr\/?page_id=17#breadcrumb"},"inLanguage":"hr","potentialAction":[{"@type":"ReadAction","target":["https:\/\/zkkplamenpozega.hr\/?page_id=17"]}]},{"@type":"BreadcrumbList","@id":"https:\/\/zkkplamenpozega.hr\/?page_id=17#breadcrumb","itemListElement":[{"@type":"ListItem","position":1,"name":"Po\u010detna stranica","item":"https:\/\/zkkplamenpozega.hr\/"},{"@type":"ListItem","position":2,"name":"Kontakt"}]},{"@type":"WebSite","@id":"https:\/\/zkkplamenpozega.hr\/#website","url":"https:\/\/zkkplamenpozega.hr\/","name":"\u017dKK Plamen Po\u017eega","description":"Plamene su najbolje","publisher":{"@id":"https:\/\/zkkplamenpozega.hr\/#organization"},"potentialAction":[{"@type":"SearchAction","target":{"@type":"EntryPoint","urlTemplate":"https:\/\/zkkplamenpozega.hr\/?s={search_term_string}"},"query-input":{"@type":"PropertyValueSpecification","valueRequired":true,"valueName":"search_term_string"}}],"inLanguage":"hr"},{"@type":"Organization","@id":"https:\/\/zkkplamenpozega.hr\/#organization","name":"\u017denski ko\u0161arka\u0161ki klub Plamen Po\u017eega","url":"https:\/\/zkkplamenpozega.hr\/","logo":{"@type":"ImageObject","inLanguage":"hr","@id":"https:\/\/zkkplamenpozega.hr\/#\/schema\/logo\/image\/","url":"https:\/\/zkkplamenpozega.hr\/wp-content\/uploads\/2020\/10\/logo-zkkpozega-e1602941511846.png","contentUrl":"https:\/\/zkkplamenpozega.hr\/wp-content\/uploads\/2020\/10\/logo-zkkpozega-e1602941511846.png","width":400,"height":236,"caption":"\u017denski ko\u0161arka\u0161ki klub Plamen Po\u017eega"},"image":{"@id":"https:\/\/zkkplamenpozega.hr\/#\/schema\/logo\/image\/"},"sameAs":["https:\/\/www.facebook.com\/zkkplamenpozega\/","https:\/\/www.instagram.com\/zkkplamenpozega\/?hl=hr"]}]}},"_links":{"self":[{"href":"https:\/\/zkkplamenpozega.hr\/index.php?rest_route=\/wp\/v2\/pages\/17","targetHints":{"allow":["GET"]}}],"collection":[{"href":"https:\/\/zkkplamenpozega.hr\/index.php?rest_route=\/wp\/v2\/pages"}],"about":[{"href":"https:\/\/zkkplamenpozega.hr\/index.php?rest_route=\/wp\/v2\/types\/page"}],"author":[{"embeddable":true,"href":"https:\/\/zkkplamenpozega.hr\/index.php?rest_route=\/wp\/v2\/users\/1"}],"replies":[{"embeddable":true,"href":"https:\/\/zkkplamenpozega.hr\/index.php?rest_route=%2Fwp%2Fv2%2Fcomments&post=17"}],"version-history":[{"count":2,"href":"https:\/\/zkkplamenpozega.hr\/index.php?rest_route=\/wp\/v2\/pages\/17\/revisions"}],"predecessor-version":[{"id":4728,"href":"https:\/\/zkkplamenpozega.hr\/index.php?rest_route=\/wp\/v2\/pages\/17\/revisions\/4728"}],"wp:attachment":[{"href":"https:\/\/zkkplamenpozega.hr\/index.php?rest_route=%2Fwp%2Fv2%2Fmedia&parent=17"}],"curies":[{"name":"wp","href":"https:\/\/api.w.org\/{rel}","templated":true}]}}